{"id":9,"date":"2015-03-03T17:31:26","date_gmt":"2015-03-03T17:31:26","guid":{"rendered":"http:\/\/www.dunbarchoral.org.uk\/dc\/?page_id=9"},"modified":"2026-01-07T20:48:53","modified_gmt":"2026-01-07T20:48:53","slug":"future-concerts","status":"publish","type":"page","link":"https:\/\/www.dunbarchoral.org.uk\/dc\/future-concerts\/","title":{"rendered":"Future concerts"},"content":{"rendered":"<h2 style=\"text-align: center;\">Our next event will be<br>on Saturday, 16th May&nbsp;<\/h2>\n<figure class=\"wp-block-image size-full\">\n<figcaption><\/figcaption>\n<\/figure>\n\n\n<h1 class=\"wp-block-heading has-text-align-center\">An Evening of French Music<br>A concert of pieces by Saint-Sa\u00ebns, C\u00e9sar Franck, and Durufl\u00e9.<br>More details will be here when they are finalised.<\/h1>\n\n\n\n<pre class=\"wp-block-code\"><code><\/code><\/pre>\n","protected":false},"excerpt":{"rendered":"<p>Our next event will beon Saturday, 16th May&nbsp; An Evening of French MusicA concert of pieces by Saint-Sa\u00ebns, C\u00e9sar Franck, and Durufl\u00e9.More details will be here when they are finalised.<\/p>\n","protected":false},"author":1,"featured_media":925,"parent":0,"menu_order":0,"comment_status":"closed","ping_status":"closed","template":"","meta":{"ngg_post_thumbnail":0,"footnotes":""},"class_list":["post-9","page","type-page","status-publish","has-post-thumbnail","hentry"],"_links":{"self":[{"href":"https:\/\/www.dunbarchoral.org.uk\/dc\/wp-json\/wp\/v2\/pages\/9","targetHints":{"allow":["GET"]}}],"collection":[{"href":"https:\/\/www.dunbarchoral.org.uk\/dc\/wp-json\/wp\/v2\/pages"}],"about":[{"href":"https:\/\/www.dunbarchoral.org.uk\/dc\/wp-json\/wp\/v2\/types\/page"}],"author":[{"embeddable":true,"href":"https:\/\/www.dunbarchoral.org.uk\/dc\/wp-json\/wp\/v2\/users\/1"}],"replies":[{"embeddable":true,"href":"https:\/\/www.dunbarchoral.org.uk\/dc\/wp-json\/wp\/v2\/comments?post=9"}],"version-history":[{"count":118,"href":"https:\/\/www.dunbarchoral.org.uk\/dc\/wp-json\/wp\/v2\/pages\/9\/revisions"}],"predecessor-version":[{"id":1172,"href":"https:\/\/www.dunbarchoral.org.uk\/dc\/wp-json\/wp\/v2\/pages\/9\/revisions\/1172"}],"wp:featuredmedia":[{"embeddable":true,"href":"https:\/\/www.dunbarchoral.org.uk\/dc\/wp-json\/wp\/v2\/media\/925"}],"wp:attachment":[{"href":"https:\/\/www.dunbarchoral.org.uk\/dc\/wp-json\/wp\/v2\/media?parent=9"}],"curies":[{"name":"wp","href":"https:\/\/api.w.org\/{rel}","templated":true}]}}